{"id":75,"date":"2023-03-24T06:55:22","date_gmt":"2023-03-24T06:55:22","guid":{"rendered":"https:\/\/cozystay.loftocean.com\/mountain-chalet\/?page_id=75"},"modified":"2025-03-03T21:20:54","modified_gmt":"2025-03-03T21:20:54","slug":"contacto","status":"publish","type":"page","link":"https:\/\/haciendavistalinda.com\/index.php\/contacto\/","title":{"rendered":"Contacto"},"content":{"rendered":"\t\t<div data-elementor-type=\"wp-page\" data-elementor-id=\"75\" class=\"elementor elementor-75\">\n\t\t\t\t\t\t<section class=\"elementor-section elementor-top-section elementor-element elementor-element-29247c7 elementor-section-full_width elementor-section-height-default elementor-section-height-default\" data-id=\"29247c7\" data-element_type=\"section\" data-e-type=\"section\">\n\t\t\t\t\t\t<div class=\"elementor-container elementor-column-gap-no\">\n\t\t\t\t\t<div class=\"elementor-column elementor-col-100 elementor-top-column elementor-element elementor-element-ee27c5e\" data-id=\"ee27c5e\" data-element_type=\"column\" data-e-type=\"column\">\n\t\t\t<div class=\"elementor-widget-wrap elementor-element-populated\">\n\t\t\t\t\t\t<div class=\"elementor-element elementor-element-520d085 elementor-widget elementor-widget-html\" data-id=\"520d085\" data-element_type=\"widget\" data-e-type=\"widget\" data-widget_type=\"html.default\">\n\t\t\t\t<div class=\"elementor-widget-container\">\n\t\t\t\t\t<iframe src=\"https:\/\/www.google.com\/maps\/embed?pb=!1m18!1m12!1m3!1d3760.259315342443!2d-69.9163564!3d19.530477500000003!2m3!1f0!2f0!3f0!3m2!1i1024!2i768!4f13.1!3m3!1m2!1s0x8eae4362e02907bb%3A0xdbe5808337211f22!2sHacienda%20Vista%20Linda%20Villas%20Ecol%C3%B3gicas!5e0!3m2!1ses!2sdo!4v1740752484603!5m2!1ses!2sdo\" width=\"600\" height=\"450\" style=\"border:0;\" allowfullscreen=\"\" loading=\"lazy\" referrerpolicy=\"no-referrer-when-downgrade\"><\/iframe>\t\t\t\t<\/div>\n\t\t\t\t<\/div>\n\t\t\t\t\t<\/div>\n\t\t<\/div>\n\t\t\t\t\t<\/div>\n\t\t<\/section>\n\t\t\t\t<section class=\"elementor-section elementor-top-section elementor-element elementor-element-44764146 elementor-section-boxed elementor-section-height-default elementor-section-height-default\" data-id=\"44764146\" data-element_type=\"section\" data-e-type=\"section\" data-settings=\"{&quot;background_background&quot;:&quot;classic&quot;}\">\n\t\t\t\t\t\t<div class=\"elementor-container elementor-column-gap-no\">\n\t\t\t\t\t<div class=\"elementor-column elementor-col-50 elementor-top-column elementor-element elementor-element-43c4a1ad\" data-id=\"43c4a1ad\" data-element_type=\"column\" data-e-type=\"column\" data-settings=\"{&quot;background_background&quot;:&quot;classic&quot;}\">\n\t\t\t<div class=\"elementor-widget-wrap elementor-element-populated\">\n\t\t\t\t\t\t<div class=\"elementor-element elementor-element-2445f4fc elementor-widget elementor-widget-spacer\" data-id=\"2445f4fc\" data-element_type=\"widget\" data-e-type=\"widget\" data-widget_type=\"spacer.default\">\n\t\t\t\t<div class=\"elementor-widget-container\">\n\t\t\t\t\t\t\t<div class=\"elementor-spacer\">\n\t\t\t<div class=\"elementor-spacer-inner\"><\/div>\n\t\t<\/div>\n\t\t\t\t\t\t<\/div>\n\t\t\t\t<\/div>\n\t\t\t\t\t<\/div>\n\t\t<\/div>\n\t\t\t\t<div class=\"elementor-column elementor-col-50 elementor-top-column elementor-element elementor-element-4c1eb2f5\" data-id=\"4c1eb2f5\" data-element_type=\"column\" data-e-type=\"column\" data-settings=\"{&quot;background_background&quot;:&quot;classic&quot;}\">\n\t\t\t<div class=\"elementor-widget-wrap elementor-element-populated\">\n\t\t\t\t\t\t<div class=\"elementor-element elementor-element-36722586 elementor-widget elementor-widget-cs_title\" data-id=\"36722586\" data-element_type=\"widget\" data-e-type=\"widget\" data-widget_type=\"cs_title.default\">\n\t\t\t\t<div class=\"elementor-widget-container\">\n\t\t\t\t\t\n        <div class=\"cs-title-wrap\">\t            <h6 class=\"cs-title\">\n\t                Informaci\u00f3n de contacto\t            <\/h6>        <\/div>\t\t\t\t<\/div>\n\t\t\t\t<\/div>\n\t\t\t\t<div class=\"elementor-element elementor-element-781b88fa elementor-widget elementor-widget-cs_list\" data-id=\"781b88fa\" data-element_type=\"widget\" data-e-type=\"widget\" data-widget_type=\"cs_list.default\">\n\t\t\t\t<div class=\"elementor-widget-container\">\n\t\t\t\t\t\n            <ul class=\"cs-list cs-list-type-none with-border\">                <li>                    <span class=\"list-content\">Direcci\u00f3n: Baoba del pi\u00f1al, 33000 (Entre Nagua y Cabrera). Provincia Mar\u00eda Trinidad S\u00e1nchez, Rep\u00fablica Dominicana.\n<\/span>                <\/li>                <li>                    <span class=\"list-content\">Whatsapp: (809) 843-8022<\/span>                        <a class=\"list-link\" href=\"https:\/\/wa.link\/bzd7nn\" aria-label=\"List Item Link\"><\/a>                <\/li>                <li>                    <span class=\"list-content\">Email: vistalindahacienda@gmail.com<\/span>                        <a class=\"list-link\" href=\"mailto:vistalindahacienda@gmail.com\" aria-label=\"List Item Link\"><\/a>                <\/li>                <li>                    <span class=\"list-content\">Instagram: @haciendavistalinda<\/span>                        <a class=\"list-link\" href=\"https:\/\/www.instagram.com\/haciendavistalinda?igsh=c2RmaHZwcGh2Z2dm\" aria-label=\"List Item Link\"><\/a>                <\/li>            <\/ul>\t\t\t\t<\/div>\n\t\t\t\t<\/div>\n\t\t\t\t<div class=\"elementor-element elementor-element-29601437 elementor-widget elementor-widget-cs_title\" data-id=\"29601437\" data-element_type=\"widget\" data-e-type=\"widget\" data-widget_type=\"cs_title.default\">\n\t\t\t\t<div class=\"elementor-widget-container\">\n\t\t\t\t\t\n        <div class=\"cs-title-wrap\">\t            <h6 class=\"cs-title\">\n\t                Comencemos una conversaci\u00f3n\t            <\/h6>        <\/div>\t\t\t\t<\/div>\n\t\t\t\t<\/div>\n\t\t\t\t<div class=\"elementor-element elementor-element-798ea157 elementor-widget elementor-widget-cs_form_cf7\" data-id=\"798ea157\" data-element_type=\"widget\" data-e-type=\"widget\" data-widget_type=\"cs_form_cf7.default\">\n\t\t\t\t<div class=\"elementor-widget-container\">\n\t\t\t\t\t            <div class=\"cs-form-cf7 placeholder-normal\">\n                <div class=\"cs-form-cf7-wrap\">\n<div class=\"wpcf7 no-js\" id=\"wpcf7-f5-o1\" lang=\"es-ES\" dir=\"ltr\" data-wpcf7-id=\"5\">\n<div class=\"screen-reader-response\"><p role=\"status\" aria-live=\"polite\" aria-atomic=\"true\"><\/p> <ul><\/ul><\/div>\n<form action=\"\/index.php\/wp-json\/wp\/v2\/pages\/75#wpcf7-f5-o1\" method=\"post\" class=\"wpcf7-form init\" aria-label=\"Formulario de contacto\" novalidate=\"novalidate\" data-status=\"init\">\n<fieldset class=\"hidden-fields-container\"><input type=\"hidden\" name=\"_wpcf7\" value=\"5\" \/><input type=\"hidden\" name=\"_wpcf7_version\" value=\"6.1.5\" \/><input type=\"hidden\" name=\"_wpcf7_locale\" value=\"es_ES\" \/><input type=\"hidden\" name=\"_wpcf7_unit_tag\" value=\"wpcf7-f5-o1\" \/><input type=\"hidden\" name=\"_wpcf7_container_post\" value=\"0\" \/><input type=\"hidden\" name=\"_wpcf7_posted_data_hash\" value=\"\" \/>\n<\/fieldset>\n<p><label> Tu nombre<br \/>\n<span class=\"wpcf7-form-control-wrap\" data-name=\"your-name\"><input size=\"40\" maxlength=\"400\" class=\"wpcf7-form-control wpcf7-text wpcf7-validates-as-required\" autocomplete=\"name\" aria-required=\"true\" aria-invalid=\"false\" value=\"\" type=\"text\" name=\"your-name\" \/><\/span> <\/label>\n<\/p>\n<p><label> Tu correo electr\u00f3nico<br \/>\n<span class=\"wpcf7-form-control-wrap\" data-name=\"your-email\"><input size=\"40\" maxlength=\"400\" class=\"wpcf7-form-control wpcf7-email wpcf7-validates-as-required wpcf7-text wpcf7-validates-as-email\" autocomplete=\"email\" aria-required=\"true\" aria-invalid=\"false\" value=\"\" type=\"email\" name=\"your-email\" \/><\/span> <\/label>\n<\/p>\n<p><label> Asunto<br \/>\n<span class=\"wpcf7-form-control-wrap\" data-name=\"your-subject\"><input size=\"40\" maxlength=\"400\" class=\"wpcf7-form-control wpcf7-text wpcf7-validates-as-required\" aria-required=\"true\" aria-invalid=\"false\" value=\"\" type=\"text\" name=\"your-subject\" \/><\/span> <\/label>\n<\/p>\n<p><label> Tu mensaje (opcional)<br \/>\n<span class=\"wpcf7-form-control-wrap\" data-name=\"your-message\"><textarea cols=\"40\" rows=\"10\" maxlength=\"2000\" class=\"wpcf7-form-control wpcf7-textarea\" aria-invalid=\"false\" name=\"your-message\"><\/textarea><\/span> <\/label>\n<\/p>\n<p><input class=\"wpcf7-form-control wpcf7-submit has-spinner\" type=\"submit\" value=\"Enviar\" \/>\n<\/p><div class=\"wpcf7-response-output\" aria-hidden=\"true\"><\/div>\n<\/form>\n<\/div>\n<\/div>\n            <\/div>\t\t\t\t<\/div>\n\t\t\t\t<\/div>\n\t\t\t\t\t<\/div>\n\t\t<\/div>\n\t\t\t\t\t<\/div>\n\t\t<\/section>\n\t\t\t\t<\/div>\n\t\t","protected":false},"excerpt":{"rendered":"<p>Informaci\u00f3n de contacto Direcci\u00f3n: Baoba del pi\u00f1al, 33000 (Entre Nagua y Cabrera). Provincia Mar\u00eda Trinidad S\u00e1nchez, Rep\u00fablica Dominicana. Whatsapp: (809) 843-8022 Email: vistalindahacienda@gmail.com Instagram: @haciendavistalinda Comencemos una conversaci\u00f3n Tu nombre Tu correo electr\u00f3nico Asunto Tu mensaje (opcional)<\/p>\n","protected":false},"author":1,"featured_media":0,"parent":0,"menu_order":0,"comment_status":"closed","ping_status":"closed","template":"template-wide-content.php","meta":{"cozystay_single_page_hide_site_header":"","cozystay_single_page_site_header_source":"","cozystay_single_page_custom_site_header":"0","cozystay_single_page_custom_sticky_site_header":"0","cozystay_single_page_hide_page_title":"on","cozystay_single_page_header_section_size":"","cozystay_single_page_header_background_color":"","cozystay_single_page_header_background_position_x":"center","cozystay_single_page_header_background_position_y":"center","cozystay_single_page_header_background_size":"cover","cozystay_single_page_header_background_repeat":"off","cozystay_single_page_header_background_scroll":"on","cozystay_single_page_header_text_color":"","cozystay_single_page_header_show_breadcrumb":"","cozystay_single_page_site_footer_hide_main":"","cozystay_single_custom_site_footer_main_source":"","cozystay_single_custom_site_footer_main":"0","cozystay_single_page_site_footer_hide_above":"","cozystay_single_custom_site_footer_above_source":"","cozystay_single_custom_site_footer_above":"0","cozystay_single_page_site_footer_hide_instagram":"","cozystay_single_page_site_footer_hide_bottom":"","cozystay_single_custom_mobile_menu_source":"","cozystay_single_custom_mobile_menu":"0","cozystay_single_custom_mobile_menu_animation":"","cozystay_single_custom_mobile_menu_width":"","cozystay_single_custom_mobile_menu_custom_width":375,"footnotes":""},"class_list":["post-75","page","type-page","status-publish","hentry"],"yoast_head":"<!-- This site is optimized with the Yoast SEO plugin v27.3 - https:\/\/yoast.com\/product\/yoast-seo-wordpress\/ -->\n<title>Contacto - Hacienda Vista Linda | Alojamientos, Villas Ecol\u00f3gicas en Nagua y Cabrera<\/title>\n<meta name=\"robots\" content=\"index, follow, max-snippet:-1, max-image-preview:large, max-video-preview:-1\" \/>\n<link rel=\"canonical\" href=\"https:\/\/haciendavistalinda.com\/index.php\/contacto\/\" \/>\n<meta property=\"og:locale\" content=\"es_ES\" \/>\n<meta property=\"og:type\" content=\"article\" \/>\n<meta property=\"og:title\" content=\"Contacto - Hacienda Vista Linda | Alojamientos, Villas Ecol\u00f3gicas en Nagua y Cabrera\" \/>\n<meta property=\"og:description\" content=\"Informaci\u00f3n de contacto Direcci\u00f3n: Baoba del pi\u00f1al, 33000 (Entre Nagua y Cabrera). Provincia Mar\u00eda Trinidad S\u00e1nchez, Rep\u00fablica Dominicana. Whatsapp: (809) 843-8022 Email: vistalindahacienda@gmail.com Instagram: @haciendavistalinda Comencemos una conversaci\u00f3n Tu nombre Tu correo electr\u00f3nico Asunto Tu mensaje (opcional)\" \/>\n<meta property=\"og:url\" content=\"https:\/\/haciendavistalinda.com\/index.php\/contacto\/\" \/>\n<meta property=\"og:site_name\" content=\"Hacienda Vista Linda | Alojamientos, Villas Ecol\u00f3gicas en Nagua y Cabrera\" \/>\n<meta property=\"article:modified_time\" content=\"2025-03-03T21:20:54+00:00\" \/>\n<meta name=\"twitter:card\" content=\"summary_large_image\" \/>\n<meta name=\"twitter:label1\" content=\"Tiempo de lectura\" \/>\n\t<meta name=\"twitter:data1\" content=\"1 minuto\" \/>\n<script type=\"application\/ld+json\" class=\"yoast-schema-graph\">{\"@context\":\"https:\\\/\\\/schema.org\",\"@graph\":[{\"@type\":\"WebPage\",\"@id\":\"https:\\\/\\\/haciendavistalinda.com\\\/index.php\\\/contacto\\\/\",\"url\":\"https:\\\/\\\/haciendavistalinda.com\\\/index.php\\\/contacto\\\/\",\"name\":\"Contacto - Hacienda Vista Linda | Alojamientos, Villas Ecol\u00f3gicas en Nagua y Cabrera\",\"isPartOf\":{\"@id\":\"https:\\\/\\\/haciendavistalinda.com\\\/#website\"},\"datePublished\":\"2023-03-24T06:55:22+00:00\",\"dateModified\":\"2025-03-03T21:20:54+00:00\",\"breadcrumb\":{\"@id\":\"https:\\\/\\\/haciendavistalinda.com\\\/index.php\\\/contacto\\\/#breadcrumb\"},\"inLanguage\":\"es\",\"potentialAction\":[{\"@type\":\"ReadAction\",\"target\":[\"https:\\\/\\\/haciendavistalinda.com\\\/index.php\\\/contacto\\\/\"]}]},{\"@type\":\"BreadcrumbList\",\"@id\":\"https:\\\/\\\/haciendavistalinda.com\\\/index.php\\\/contacto\\\/#breadcrumb\",\"itemListElement\":[{\"@type\":\"ListItem\",\"position\":1,\"name\":\"Portada\",\"item\":\"https:\\\/\\\/haciendavistalinda.com\\\/\"},{\"@type\":\"ListItem\",\"position\":2,\"name\":\"Contacto\"}]},{\"@type\":\"WebSite\",\"@id\":\"https:\\\/\\\/haciendavistalinda.com\\\/#website\",\"url\":\"https:\\\/\\\/haciendavistalinda.com\\\/\",\"name\":\"Hacienda Vista Linda | Alojamientos, Villas Ecol\u00f3gicas en Nagua y Cabrera\",\"description\":\"Hacienda Vista Linda nace en el coraz\u00f3n de la naturaleza de Rep\u00fablica Dominicana.\",\"publisher\":{\"@id\":\"https:\\\/\\\/haciendavistalinda.com\\\/#organization\"},\"potentialAction\":[{\"@type\":\"SearchAction\",\"target\":{\"@type\":\"EntryPoint\",\"urlTemplate\":\"https:\\\/\\\/haciendavistalinda.com\\\/?s={search_term_string}\"},\"query-input\":{\"@type\":\"PropertyValueSpecification\",\"valueRequired\":true,\"valueName\":\"search_term_string\"}}],\"inLanguage\":\"es\"},{\"@type\":\"Organization\",\"@id\":\"https:\\\/\\\/haciendavistalinda.com\\\/#organization\",\"name\":\"Hacienda Vista Linda | Alojamientos, Villas Ecol\u00f3gicas en Nagua y Cabrera\",\"url\":\"https:\\\/\\\/haciendavistalinda.com\\\/\",\"logo\":{\"@type\":\"ImageObject\",\"inLanguage\":\"es\",\"@id\":\"https:\\\/\\\/haciendavistalinda.com\\\/#\\\/schema\\\/logo\\\/image\\\/\",\"url\":\"https:\\\/\\\/haciendavistalinda.com\\\/wp-content\\\/uploads\\\/2025\\\/02\\\/HACIENDA-VISTA-LINDA_PDF_9882_page-0009-Photoroom.png\",\"contentUrl\":\"https:\\\/\\\/haciendavistalinda.com\\\/wp-content\\\/uploads\\\/2025\\\/02\\\/HACIENDA-VISTA-LINDA_PDF_9882_page-0009-Photoroom.png\",\"width\":1280,\"height\":410,\"caption\":\"Hacienda Vista Linda | Alojamientos, Villas Ecol\u00f3gicas en Nagua y Cabrera\"},\"image\":{\"@id\":\"https:\\\/\\\/haciendavistalinda.com\\\/#\\\/schema\\\/logo\\\/image\\\/\"}}]}<\/script>\n<!-- \/ Yoast SEO plugin. -->","yoast_head_json":{"title":"Contacto - Hacienda Vista Linda | Alojamientos, Villas Ecol\u00f3gicas en Nagua y Cabrera","robots":{"index":"index","follow":"follow","max-snippet":"max-snippet:-1","max-image-preview":"max-image-preview:large","max-video-preview":"max-video-preview:-1"},"canonical":"https:\/\/haciendavistalinda.com\/index.php\/contacto\/","og_locale":"es_ES","og_type":"article","og_title":"Contacto - Hacienda Vista Linda | Alojamientos, Villas Ecol\u00f3gicas en Nagua y Cabrera","og_description":"Informaci\u00f3n de contacto Direcci\u00f3n: Baoba del pi\u00f1al, 33000 (Entre Nagua y Cabrera). Provincia Mar\u00eda Trinidad S\u00e1nchez, Rep\u00fablica Dominicana. Whatsapp: (809) 843-8022 Email: vistalindahacienda@gmail.com Instagram: @haciendavistalinda Comencemos una conversaci\u00f3n Tu nombre Tu correo electr\u00f3nico Asunto Tu mensaje (opcional)","og_url":"https:\/\/haciendavistalinda.com\/index.php\/contacto\/","og_site_name":"Hacienda Vista Linda | Alojamientos, Villas Ecol\u00f3gicas en Nagua y Cabrera","article_modified_time":"2025-03-03T21:20:54+00:00","twitter_card":"summary_large_image","twitter_misc":{"Tiempo de lectura":"1 minuto"},"schema":{"@context":"https:\/\/schema.org","@graph":[{"@type":"WebPage","@id":"https:\/\/haciendavistalinda.com\/index.php\/contacto\/","url":"https:\/\/haciendavistalinda.com\/index.php\/contacto\/","name":"Contacto - Hacienda Vista Linda | Alojamientos, Villas Ecol\u00f3gicas en Nagua y Cabrera","isPartOf":{"@id":"https:\/\/haciendavistalinda.com\/#website"},"datePublished":"2023-03-24T06:55:22+00:00","dateModified":"2025-03-03T21:20:54+00:00","breadcrumb":{"@id":"https:\/\/haciendavistalinda.com\/index.php\/contacto\/#breadcrumb"},"inLanguage":"es","potentialAction":[{"@type":"ReadAction","target":["https:\/\/haciendavistalinda.com\/index.php\/contacto\/"]}]},{"@type":"BreadcrumbList","@id":"https:\/\/haciendavistalinda.com\/index.php\/contacto\/#breadcrumb","itemListElement":[{"@type":"ListItem","position":1,"name":"Portada","item":"https:\/\/haciendavistalinda.com\/"},{"@type":"ListItem","position":2,"name":"Contacto"}]},{"@type":"WebSite","@id":"https:\/\/haciendavistalinda.com\/#website","url":"https:\/\/haciendavistalinda.com\/","name":"Hacienda Vista Linda | Alojamientos, Villas Ecol\u00f3gicas en Nagua y Cabrera","description":"Hacienda Vista Linda nace en el coraz\u00f3n de la naturaleza de Rep\u00fablica Dominicana.","publisher":{"@id":"https:\/\/haciendavistalinda.com\/#organization"},"potentialAction":[{"@type":"SearchAction","target":{"@type":"EntryPoint","urlTemplate":"https:\/\/haciendavistalinda.com\/?s={search_term_string}"},"query-input":{"@type":"PropertyValueSpecification","valueRequired":true,"valueName":"search_term_string"}}],"inLanguage":"es"},{"@type":"Organization","@id":"https:\/\/haciendavistalinda.com\/#organization","name":"Hacienda Vista Linda | Alojamientos, Villas Ecol\u00f3gicas en Nagua y Cabrera","url":"https:\/\/haciendavistalinda.com\/","logo":{"@type":"ImageObject","inLanguage":"es","@id":"https:\/\/haciendavistalinda.com\/#\/schema\/logo\/image\/","url":"https:\/\/haciendavistalinda.com\/wp-content\/uploads\/2025\/02\/HACIENDA-VISTA-LINDA_PDF_9882_page-0009-Photoroom.png","contentUrl":"https:\/\/haciendavistalinda.com\/wp-content\/uploads\/2025\/02\/HACIENDA-VISTA-LINDA_PDF_9882_page-0009-Photoroom.png","width":1280,"height":410,"caption":"Hacienda Vista Linda | Alojamientos, Villas Ecol\u00f3gicas en Nagua y Cabrera"},"image":{"@id":"https:\/\/haciendavistalinda.com\/#\/schema\/logo\/image\/"}}]}},"_links":{"self":[{"href":"https:\/\/haciendavistalinda.com\/index.php\/wp-json\/wp\/v2\/pages\/75","targetHints":{"allow":["GET"]}}],"collection":[{"href":"https:\/\/haciendavistalinda.com\/index.php\/wp-json\/wp\/v2\/pages"}],"about":[{"href":"https:\/\/haciendavistalinda.com\/index.php\/wp-json\/wp\/v2\/types\/page"}],"author":[{"embeddable":true,"href":"https:\/\/haciendavistalinda.com\/index.php\/wp-json\/wp\/v2\/users\/1"}],"replies":[{"embeddable":true,"href":"https:\/\/haciendavistalinda.com\/index.php\/wp-json\/wp\/v2\/comments?post=75"}],"version-history":[{"count":7,"href":"https:\/\/haciendavistalinda.com\/index.php\/wp-json\/wp\/v2\/pages\/75\/revisions"}],"predecessor-version":[{"id":2252,"href":"https:\/\/haciendavistalinda.com\/index.php\/wp-json\/wp\/v2\/pages\/75\/revisions\/2252"}],"wp:attachment":[{"href":"https:\/\/haciendavistalinda.com\/index.php\/wp-json\/wp\/v2\/media?parent=75"}],"curies":[{"name":"wp","href":"https:\/\/api.w.org\/{rel}","templated":true}]}}